[{"id":68286,"date":"2026-03-01T20:48:50","date_gmt":"2026-03-01T19:48:50","guid":{"rendered":"https:\/\/news.bcdtravel.com\/?page_id=68286"},"modified":"2026-03-01T20:48:50","modified_gmt":"2026-03-01T19:48:50","slug":"press-releases-german","status":"publish","type":"page","link":"https:\/\/news.bcdtravel.com\/de\/press-releases-german\/","title":{"rendered":"Press Releases German"},"content":{"rendered":"","protected":false},"excerpt":{"rendered":"","protected":false},"author":22,"featured_media":0,"parent":0,"menu_order":0,"comment_status":"closed","ping_status":"closed","template":"","meta":{"footnotes":""},"class_list":["post-68286","page","type-page","status-publish"],"_links":{"self":[{"href":"https:\/\/news.bcdtravel.com\/de\/wp-json\/wp\/v2\/pages\/68286","targetHints":{"allow":["GET"]}}],"collection":[{"href":"https:\/\/news.bcdtravel.com\/de\/wp-json\/wp\/v2\/pages"}],"about":[{"href":"https:\/\/news.bcdtravel.com\/de\/wp-json\/wp\/v2\/types\/page"}],"author":[{"embeddable":true,"href":"https:\/\/news.bcdtravel.com\/de\/wp-json\/wp\/v2\/users\/22"}],"replies":[{"embeddable":true,"href":"https:\/\/news.bcdtravel.com\/de\/wp-json\/wp\/v2\/comments?post=68286"}],"version-history":[{"count":0,"href":"https:\/\/news.bcdtravel.com\/de\/wp-json\/wp\/v2\/pages\/68286\/revisions"}],"wp:attachment":[{"href":"https:\/\/news.bcdtravel.com\/de\/wp-json\/wp\/v2\/media?parent=68286"}],"curies":[{"name":"wp","href":"https:\/\/api.w.org\/{rel}","templated":true}]}},{"id":64572,"date":"2021-05-11T15:34:11","date_gmt":"2021-05-11T15:34:11","guid":{"rendered":"https:\/\/news.bcdtravel.com\/homepage\/"},"modified":"2021-11-18T16:40:24","modified_gmt":"2021-11-18T15:40:24","slug":"homepage","status":"publish","type":"page","link":"https:\/\/news.bcdtravel.com\/de\/homepage\/","title":{"rendered":"homepage"},"content":{"rendered":"<div class=\"gb-container gb-container-0a4b8a8e\"><div class=\"gb-inside-container\">\n\n<h1 class=\"gb-headline gb-headline-98c51461 gb-headline-text\">Willkommen in unserem Newsroom<\/h1>\n\n\n\n<p>Sehr geehrte Pressevertreter,<\/p>\n\n\n\n<p>wir freuen uns, dass Sie den Weg zu unserem globalen Newsroom gefunden haben. Wenn Sie weitere Informationen, Zitate oder Bildmaterial rund um das Thema Gesch\u00e4ftsreise ben\u00f6tigen, <a href=\"https:\/\/news.bcdtravel.com\/press-contacts\/\"><strong>sprechen Sie uns jederzeit gerne an<\/strong><\/a>. <\/p>\n\n\n\n<p>Wir freuen uns auf Ihre Anfrage.<\/p>\n\n\n\n<div style=\"height:30px\" aria-hidden=\"true\" class=\"wp-block-spacer\"><\/div>\n\n\n\n<h2 class=\"gb-headline gb-headline-120308eb gb-headline-text\">Aktuelle Pressemitteilungen<\/h2>\n\n\n<ul class=\"wp-block-latest-posts__list has-dates wp-block-latest-posts\"><li><a class=\"wp-block-latest-posts__post-title\" href=\"https:\/\/news.bcdtravel.com\/de\/neue-bcd-travel-studie-mobilitaetsrisiken-gesundheit-und-wissensluecken-praegen-das-sicherheitsgefuehl-von-geschaeftsreisenden\/\">Neue BCD Travel Studie: Mobilit\u00e4tsrisiken, Gesundheit und Wissensl\u00fccken pr\u00e4gen das Sicherheitsgef\u00fchl von Gesch\u00e4ftsreisenden<\/a><time datetime=\"2026-03-17T11:16:57+01:00\" class=\"wp-block-latest-posts__post-date\">17. M\u00e4rz 2026<\/time><div class=\"wp-block-latest-posts__post-excerpt\">Verkehrsunf\u00e4lle und Gesundheitsrisiken geh\u00f6ren weltweit zu den gr\u00f6\u00dften Sorgen von Gesch\u00e4ftsreisenden. Das zeigt eine im November durchgef\u00fchrte Umfrage des Research- &#038; Intelligence-Teams von BCD Travel unter 1.284 Gesch\u00e4ftsreisenden. Rund ein Drittel der Befragten nannte au\u00dferdem Kriminalit\u00e4t und Naturkatastrophen als weitere zentrale Sicherheitsbedenken. Diese Ergebnisse sind Teil des aktuellen BCD-Reports zur Wahrnehmung und zum Umgang mit Risiken im Travel Risk Management (TRM).<\/div><\/li>\n<li><a class=\"wp-block-latest-posts__post-title\" href=\"https:\/\/news.bcdtravel.com\/de\/bcd-staerkt-die-sicherheit-von-reisenden-und-das-traveler-engagement-mit-regelbasierter-messaging-technologie-als-integraler-bestandteil-der-tripsource-plattform\/\">BCD st\u00e4rkt die Sicherheit von Reisenden und das Traveler Engagement mit regelbasierter Messaging\u2011Technologie als integraler Bestandteil der TripSource\u2011Plattform<\/a><time datetime=\"2026-03-12T19:29:18+01:00\" class=\"wp-block-latest-posts__post-date\">12. M\u00e4rz 2026<\/time><div class=\"wp-block-latest-posts__post-excerpt\">94\u202fMillionen Reise Mitteilungen im Jahr 2025, +12\u202fProzent seit Januar: Der BCD Message Hub unterst\u00fctzt Unternehmen weltweit bei Kostenkontrolle, Programmakzeptanz und Unterbrechungen im Reiseverlauf<\/div><\/li>\n<li><a class=\"wp-block-latest-posts__post-title\" href=\"https:\/\/news.bcdtravel.com\/de\/globaler-handlungsdruck-und-steigende-kosten-2026-wird-zum-wendepunkt-fuer-nachhaltige-geschaeftsreisen\/\">Globaler Handlungsdruck und steigende Kosten: 2026 wird zum Wendepunkt f\u00fcr nachhaltige Gesch\u00e4ftsreisen<\/a><time datetime=\"2026-02-26T13:46:13+01:00\" class=\"wp-block-latest-posts__post-date\">26. Februar 2026<\/time><div class=\"wp-block-latest-posts__post-excerpt\">Zunehmender Druck auf die Nachhaltigkeitsleistung von Unternehmen und steigende Kosten durch Reiseemissionen machen 2026 zu einem entscheidenden Wendepunkt f\u00fcr Gesch\u00e4ftsreiseprogramme. Regulatorische Vorgaben ver\u00e4ndern sich und setzen Unternehmen einem h\u00f6heren operativen und finanziellen Risiko aus, wenn sie nicht befolgt werden und keine belastbaren und vollst\u00e4ndigen Emissionsdaten vorliegen. Gleichzeitig sinkt die Toleranz von Stakeholdern gegen\u00fcber L\u00fccken im Reporting oder ausbleibenden Fortschritten. Die Einhaltung der Vorgaben ist nicht einfacher, sondern komplexer geworden. Verl\u00e4ssliche Emissionsdaten und transparente Methodiken sind daher unverzichtbar.<\/div><\/li>\n<li><a class=\"wp-block-latest-posts__post-title\" href=\"https:\/\/news.bcdtravel.com\/de\/bcd-und-american-airlines-treiben-ndc-adoption-gemeinsam-voran\/\">BCD und American Airlines treiben NDC-Adoption gemeinsam voran<\/a><time datetime=\"2026-02-19T17:00:33+01:00\" class=\"wp-block-latest-posts__post-date\">19. Februar 2026<\/time><div class=\"wp-block-latest-posts__post-excerpt\">BCD wickelt einen hohen Anteil seiner Flugbuchungen \u00fcber NDC ab und z\u00e4hlt zu den f\u00fchrenden Partnern von American Airlines bei der Einf\u00fchrung dieses modernen Vertriebsstandards. Damit positioniert sich die Travel Management Company (TMC) als wichtiger Treiber der NDC-Adoption und als verl\u00e4sslicher Partner f\u00fcr zukunftsf\u00e4hige Gesch\u00e4ftsreiseprogramme.<\/div><\/li>\n<li><a class=\"wp-block-latest-posts__post-title\" href=\"https:\/\/news.bcdtravel.com\/de\/bcd-travel-und-riskline-bundeln-krafte-fur-zukunftsweisendes-travel-risk-management\/\">BCD Travel und Riskline b\u00fcndeln Kr\u00e4fte f\u00fcr zukunftsweisendes Travel Risk Management<\/a><time datetime=\"2026-02-17T16:45:09+01:00\" class=\"wp-block-latest-posts__post-date\">17. Februar 2026<\/time><div class=\"wp-block-latest-posts__post-excerpt\">BCD Travel, einer der weltweit f\u00fchrenden Anbieter f\u00fcr Gesch\u00e4ftsreisemanagement, und Riskline, ein globaler Spezialist von Travel Risk Intelligence, geben heute den Start ihrer strategischen Partnerschaft bekannt.<\/div><\/li>\n<li><a class=\"wp-block-latest-posts__post-title\" href=\"https:\/\/news.bcdtravel.com\/de\/bcd-frischt-marke-auf-und-unterstreicht-damit-rolle-als-anerkannter-innovator-im-geschaeftsreisemarkt\/\">BCD frischt Marke auf und unterstreicht damit Rolle als anerkannter Innovator im Gesch\u00e4ftsreisemarkt<\/a><time datetime=\"2026-02-06T05:07:00+01:00\" class=\"wp-block-latest-posts__post-date\">6. Februar 2026<\/time><div class=\"wp-block-latest-posts__post-excerpt\">BCD hat eine neue Markenidentit\u00e4t eingef\u00fchrt, die die Weiterentwicklung zu einer technologiestarken Travel Management Company widerspiegelt \u2013 mit unver\u00e4ndertem Fokus darauf, Kunden echte Wahlm\u00f6glichkeiten, Flexibilit\u00e4t und Transparenz zu bieten.<\/div><\/li>\n<li><a class=\"wp-block-latest-posts__post-title\" href=\"https:\/\/news.bcdtravel.com\/de\/bcd-travel-und-delta-air-lines-kuendigen-langfristige-strategische-partnerschaft-an\/\">BCD Travel und Delta Air Lines k\u00fcndigen langfristige strategische Partnerschaft an<\/a><time datetime=\"2026-01-07T14:30:00+01:00\" class=\"wp-block-latest-posts__post-date\">7. Januar 2026<\/time><div class=\"wp-block-latest-posts__post-excerpt\">BCD Travel hat heute eine mehrj\u00e4hrige Vereinbarung mit Delta Air Lines bekanntgegeben. Die Partnerschaft soll die Zusammenarbeit st\u00e4rken und Innovation sowie Mehrwert f\u00fcr Gesch\u00e4ftsreiseprogramme weltweit f\u00f6rdern.<\/div><\/li>\n<li><a class=\"wp-block-latest-posts__post-title\" href=\"https:\/\/news.bcdtravel.com\/de\/bcd-travel-expands-guest-travel-capabilities-through-partnerships-with-empath-and-juno\/\">BCD Travel erweitert Guest-Travel-Angebot durch Partnerschaften mit emPath und Juno<\/a><time datetime=\"2025-12-04T14:30:00+01:00\" class=\"wp-block-latest-posts__post-date\">4. Dezember 2025<\/time><div class=\"wp-block-latest-posts__post-excerpt\">BCD Travel arbeitet k\u00fcnftig mit den f\u00fchrenden Technologieplattformen emPath und Juno zusammen und baut damit das Angebot f\u00fcr Guest Travel weiter aus. Beide L\u00f6sungen helfen Unternehmen, komplexe Anforderungen f\u00fcr Reisende ohne bestehendes Profil effizient zu managen. Die Plattformen sind \u00fcber den BCD Marketplace verf\u00fcgbar, eine kuratierte Auswahl an Drittanbieter-L\u00f6sungen, die zusammen mit den eigenen BCD-L\u00f6sungen mehr Vielfalt, Wahlfreiheit und Kontrolle f\u00fcr Firmenreiseprogramme erm\u00f6glichen.<\/div><\/li>\n<li><a class=\"wp-block-latest-posts__post-title\" href=\"https:\/\/news.bcdtravel.com\/de\/bcd-travel-zum-13-mal-zur-most-admired-travel-management-company-gewahlt\/\">BCD Travel zum 13. Mal zur Most Admired Travel Management Company gew\u00e4hlt<\/a><time datetime=\"2025-12-03T09:26:40+01:00\" class=\"wp-block-latest-posts__post-date\">3. Dezember 2025<\/time><div class=\"wp-block-latest-posts__post-excerpt\">Zum neunten Mal in Folge und zum 13. Mal insgesamt sichert sich BCD die Auszeichnung als Most Admired TMC bei den j\u00e4hrlichen The Beat Readers\u2019 Choice Awards<\/div><\/li>\n<li><a class=\"wp-block-latest-posts__post-title\" href=\"https:\/\/news.bcdtravel.com\/de\/bcd-travel-fuehrt-ndc-content-von-british-airways-ein\/\">BCD Travel f\u00fchrt NDC-Content von British Airways ein<\/a><time datetime=\"2025-11-24T09:00:00+01:00\" class=\"wp-block-latest-posts__post-date\">24. November 2025<\/time><div class=\"wp-block-latest-posts__post-excerpt\">BCD Travel hat heute die Einf\u00fchrung von New Distribution Capability (NDC) von British Airways bekanntgegeben. Damit erreicht die globale Travel Management Company (TMC) einen weiteren Meilenstein beim Angebot von NDC-Content der Fluggesellschaften.<\/div><\/li>\n<\/ul>\n\n\n<div style=\"height:50px\" aria-hidden=\"true\" class=\"wp-block-spacer\"><\/div>\n\n<\/div><\/div>\n\n<div class=\"gb-container gb-container-87edba20\"><div class=\"gb-inside-container\">\n<div class=\"gb-grid-wrapper gb-grid-wrapper-36af41e2\">\n<div class=\"gb-grid-column gb-grid-column-d62db586\"><div class=\"gb-container gb-container-d62db586\"><div class=\"gb-inside-container\">\n\n<h2 class=\"gb-headline gb-headline-6ef254e2\"><span class=\"gb-icon\"><svg aria-hidden=\"true\" role=\"img\" height=\"1em\" width=\"1em\" viewBox=\"0 0 512 512\" xmlns=\"http:\/\/www.w3.org\/2000\/svg\"><path fill=\"currentColor\" d=\"M464 64H48C21.49 64 0 85.49 0 112v288c0 26.51 21.49 48 48 48h416c26.51 0 48-21.49 48-48V112c0-26.51-21.49-48-48-48zm0 48v40.805c-22.422 18.259-58.168 46.651-134.587 106.49-16.841 13.247-50.201 45.072-73.413 44.701-23.208.375-56.579-31.459-73.413-44.701C106.18 199.465 70.425 171.067 48 152.805V112h416zM48 400V214.398c22.914 18.251 55.409 43.862 104.938 82.646 21.857 17.205 60.134 55.186 103.062 54.955 42.717.231 80.509-37.199 103.053-54.947 49.528-38.783 82.032-64.401 104.947-82.653V400H48z\"><\/path><\/svg><\/span><\/h2>\n\n\n\n<h2 class=\"gb-headline gb-headline-512fb9f8 gb-headline-text\">Blog<\/h2>\n\n\n<div class=\"gb-button-wrapper gb-button-wrapper-3198d2a3\">\n\n<a class=\"gb-button gb-button-da88b325 gb-button-text\" href=\"https:\/\/www.bcdtravel.com\/move-global\/subscribe-to-move\/\" target=\"_blank\" rel=\"noopener noreferrer\">See what&#8217;s trending<\/a>\n\n<\/div>\n<\/div><\/div><\/div>\n\n<div class=\"gb-grid-column gb-grid-column-444640bc\"><div class=\"gb-container gb-container-444640bc\"><div class=\"gb-inside-container\">\n\n<h2 class=\"gb-headline gb-headline-2671abd6\"><span class=\"gb-icon\"><svg aria-hidden=\"true\" role=\"img\" height=\"1em\" width=\"1em\" viewBox=\"0 0 448 512\" xmlns=\"http:\/\/www.w3.org\/2000\/svg\"><path fill=\"currentColor\" d=\"M416 32H31.9C14.3 32 0 46.5 0 64.3v383.4C0 465.5 14.3 480 31.9 480H416c17.6 0 32-14.5 32-32.3V64.3c0-17.8-14.4-32.3-32-32.3zM135.4 416H69V202.2h66.5V416zm-33.2-243c-21.3 0-38.5-17.3-38.5-38.5S80.9 96 102.2 96c21.2 0 38.5 17.3 38.5 38.5 0 21.3-17.2 38.5-38.5 38.5zm282.1 243h-66.4V312c0-24.8-.5-56.7-34.5-56.7-34.6 0-39.9 27-39.9 54.9V416h-66.4V202.2h63.7v29.2h.9c8.9-16.8 30.6-34.5 62.9-34.5 67.2 0 79.7 44.3 79.7 101.9V416z\"><\/path><\/svg><\/span><\/h2>\n\n\n\n<h2 class=\"gb-headline gb-headline-6f45ca90 gb-headline-text\">LinkedIn<\/h2>\n\n\n<div class=\"gb-button-wrapper gb-button-wrapper-ad79fb21\">\n\n<a class=\"gb-button gb-button-751598cb gb-button-text\" href=\"https:\/\/www.linkedin.com\/company\/bcd-travel\/\" target=\"_blank\" rel=\"noopener noreferrer\">Follow us on LinkedIn<\/a>\n\n<\/div>\n<\/div><\/div><\/div>\n\n<div class=\"gb-grid-column gb-grid-column-6499723c\"><div class=\"gb-container gb-container-6499723c\"><div class=\"gb-inside-container\">\n\n<h2 class=\"gb-headline gb-headline-f7ad71f1\"><span class=\"gb-icon\"><svg aria-hidden=\"true\" role=\"img\" height=\"1em\" width=\"1em\" viewBox=\"0 0 448 512\" xmlns=\"http:\/\/www.w3.org\/2000\/svg\"><path fill=\"currentColor\" d=\"M400 32H48C21.5 32 0 53.5 0 80v352c0 26.5 21.5 48 48 48h352c26.5 0 48-21.5 48-48V80c0-26.5-21.5-48-48-48zm-48.9 158.8c.2 2.8.2 5.7.2 8.5 0 86.7-66 186.6-186.6 186.6-37.2 0-71.7-10.8-100.7-29.4 5.3.6 10.4.8 15.8.8 30.7 0 58.9-10.4 81.4-28-28.8-.6-53-19.5-61.3-45.5 10.1 1.5 19.2 1.5 29.6-1.2-30-6.1-52.5-32.5-52.5-64.4v-.8c8.7 4.9 18.9 7.9 29.6 8.3a65.447 65.447 0 0 1-29.2-54.6c0-12.2 3.2-23.4 8.9-33.1 32.3 39.8 80.8 65.8 135.2 68.6-9.3-44.5 24-80.6 64-80.6 18.9 0 35.9 7.9 47.9 20.7 14.8-2.8 29-8.3 41.6-15.8-4.9 15.2-15.2 28-28.8 36.1 13.2-1.4 26-5.1 37.8-10.2-8.9 13.1-20.1 24.7-32.9 34z\"><\/path><\/svg><\/span><\/h2>\n\n\n\n<h2 class=\"gb-headline gb-headline-f9fba324 gb-headline-text\">Twitter<\/h2>\n\n\n<div class=\"gb-button-wrapper gb-button-wrapper-12b117bc\">\n\n<a class=\"gb-button gb-button-2d078b72 gb-button-text\" href=\"https:\/\/twitter.com\/BCDTravel\" target=\"_blank\" rel=\"noopener noreferrer\">Follow us on Twitter<\/a>\n\n<\/div>\n<\/div><\/div><\/div>\n<\/div>\n<\/div><\/div>\n\n\n<div style=\"height:100px\" aria-hidden=\"true\" class=\"wp-block-spacer\"><\/div>\n","protected":false},"excerpt":{"rendered":"<p>Willkommen in unserem Newsroom Sehr geehrte Pressevertreter, wir freuen uns, dass Sie den Weg zu unserem globalen Newsroom gefunden haben. Wenn Sie weitere Informationen, Zitate oder Bildmaterial rund um das Thema Gesch\u00e4ftsreise ben\u00f6tigen, sprechen Sie uns jederzeit gerne an. Wir freuen uns auf Ihre Anfrage. Aktuelle Pressemitteilungen<\/p>\n","protected":false},"author":2,"featured_media":0,"parent":0,"menu_order":0,"comment_status":"closed","ping_status":"closed","template":"","meta":{"footnotes":""},"class_list":["post-64572","page","type-page","status-publish"],"_links":{"self":[{"href":"https:\/\/news.bcdtravel.com\/de\/wp-json\/wp\/v2\/pages\/64572","targetHints":{"allow":["GET"]}}],"collection":[{"href":"https:\/\/news.bcdtravel.com\/de\/wp-json\/wp\/v2\/pages"}],"about":[{"href":"https:\/\/news.bcdtravel.com\/de\/wp-json\/wp\/v2\/types\/page"}],"author":[{"embeddable":true,"href":"https:\/\/news.bcdtravel.com\/de\/wp-json\/wp\/v2\/users\/2"}],"replies":[{"embeddable":true,"href":"https:\/\/news.bcdtravel.com\/de\/wp-json\/wp\/v2\/comments?post=64572"}],"version-history":[{"count":0,"href":"https:\/\/news.bcdtravel.com\/de\/wp-json\/wp\/v2\/pages\/64572\/revisions"}],"wp:attachment":[{"href":"https:\/\/news.bcdtravel.com\/de\/wp-json\/wp\/v2\/media?parent=64572"}],"curies":[{"name":"wp","href":"https:\/\/api.w.org\/{rel}","templated":true}]}}]