[{"id":64575,"date":"2021-05-11T15:34:11","date_gmt":"2021-05-11T15:34:11","guid":{"rendered":"https:\/\/news.bcdtravel.com\/homepage\/"},"modified":"2021-11-18T16:42:53","modified_gmt":"2021-11-18T15:42:53","slug":"homepage","status":"publish","type":"page","link":"https:\/\/news.bcdtravel.com\/es\/homepage\/","title":{"rendered":"homepage"},"content":{"rendered":"\n<h1 class=\"gb-headline gb-headline-145eb4c2 gb-headline-text\">Bienvenido a nuestro centro global de noticias<\/h1>\n\n\n\n<p>Estimados periodistas,<\/p>\n\n\n\n<p>Nos alegra que haya encontrado nuestro centro global de noticias. <\/p>\n\n\n\n<p>Si usted est\u00e1 buscando informaci\u00f3n relacionada al negocio de viajes, citas o im\u00e1genes no dude en contactarnos, <a href=\"https:\/\/news.bcdtravel.com\/press-contacts\/\"><strong>estamos esperando sus consultas<\/strong><\/a>.<\/p>\n\n\n<div class=\"gb-container gb-container-a9422349\"><div class=\"gb-inside-container\">\n\n<div style=\"height:30px\" aria-hidden=\"true\" class=\"wp-block-spacer\"><\/div>\n\n\n\n<h2 class=\"gb-headline gb-headline-e11465c3 gb-headline-text\">\u00daltimos comunicados de prensa<\/h2>\n\n\n<ul class=\"wp-block-latest-posts__list has-dates wp-block-latest-posts\"><li><a class=\"wp-block-latest-posts__post-title\" href=\"https:\/\/news.bcdtravel.com\/es\/bcd-travel-y-delta-air-lines-anuncian-una-alianza-estrategica-a-largo-plazo\/\">BCD Travel y Delta Air Lines anuncian una alianza estrat\u00e9gica a largo plazo<\/a><time datetime=\"2026-01-07T19:48:22+01:00\" class=\"wp-block-latest-posts__post-date\">7 de enero de 2026<\/time><div class=\"wp-block-latest-posts__post-excerpt\">BCD Travel anunci\u00f3 hoy un acuerdo plurianual con Delta Air Lines. De esta manera, consolida una alianza estrat\u00e9gica a largo plazo y con visi\u00f3n de futuro, dise\u00f1ada para ofrecer valor excepcional e innovaci\u00f3n a los programas de viajes corporativos en todo el mundo.<\/div><\/li>\n<li><a class=\"wp-block-latest-posts__post-title\" href=\"https:\/\/news.bcdtravel.com\/es\/bcd-travel-y-conferma-revelan-el-primer-indice-de-aceptacion-de-tarjetas-virtuales-en-hoteles\/\">BCD Travel y Conferma revelan el primer \u00edndice de aceptaci\u00f3n de tarjetas virtuales en hoteles<\/a><time datetime=\"2025-11-11T18:46:58+01:00\" class=\"wp-block-latest-posts__post-date\">11 de noviembre de 2025<\/time><div class=\"wp-block-latest-posts__post-excerpt\">BCD Travel, en alianza con Conferma, l\u00edder mundial en pagos, lanz\u00f3 hoy el primer \u00edndice de aceptaci\u00f3n de tarjetas virtuales (VCA) de la industria de viajes. El nuevo sistema ofrece a viajeros de negocios y gestores de viajes una visibilidad sin precedentes de la fiabilidad de los pagos en hoteles.<\/div><\/li>\n<li><a class=\"wp-block-latest-posts__post-title\" href=\"https:\/\/news.bcdtravel.com\/es\/bcd-recauda-mas-de-150000-dolares-para-apoyar-a-a21-y-ayudar-a-acabar-con-el-trafico-de-personas\/\">BCD recauda m\u00e1s de 150,000 d\u00f3lares para apoyar a A21 y ayudar a acabar con el tr\u00e1fico de personas<\/a><time datetime=\"2025-10-23T17:38:40+02:00\" class=\"wp-block-latest-posts__post-date\">23 de octubre de 2025<\/time><div class=\"wp-block-latest-posts__post-excerpt\">BCD Travel se enorgullece de compartir el empuje y apoyo a su iniciativa para recaudar fondos: BCD Runs for Freedom (BCD corre por la libertad). Cerca de 100 colaboradores de BCD, incluido Stephan Baars, CEO de la compa\u00f1\u00eda, participaron en la marat\u00f3n TUI Palma de Mallorca, el 19 de octubre, para generar conciencia y recaudar fondos destinados a A21, una organizaci\u00f3n sin \u00e1nimo de lucro dedicada a acabar con la esclavitud moderna.<\/div><\/li>\n<li><a class=\"wp-block-latest-posts__post-title\" href=\"https:\/\/news.bcdtravel.com\/es\/bcd-obtiene-la-calificacion-de-sostenibilidad-platino-de-ecovadis-por-sexto-ano-consecutivo\/\">BCD obtiene la calificaci\u00f3n de sostenibilidad Platino de EcoVadis, por sexto a\u00f1o consecutivo<\/a><time datetime=\"2025-09-18T22:20:38+02:00\" class=\"wp-block-latest-posts__post-date\">18 de septiembre de 2025<\/time><div class=\"wp-block-latest-posts__post-excerpt\">BCD Travel obtuvo de nuevo la m\u00e1xima calificaci\u00f3n posible de EcoVadis, al ganar la medalla de platino por sexto a\u00f1o consecutivo. Este reconocimiento independiente sit\u00faa a BCD entre el 1 % de las mejores empresas, entre m\u00e1s de 150.000 evaluadas en todo el mundo por su desempe\u00f1o medioambiental, social y \u00e9tico.<\/div><\/li>\n<li><a class=\"wp-block-latest-posts__post-title\" href=\"https:\/\/news.bcdtravel.com\/es\/bcd-travel-lidera-la-transformacion-ndc-inversiones-en-su-plataforma-impulsan-un-acceso-inigualable-a-contenido-y-mas-opciones-para-clientes-corporativos\/\">BCD Travel lidera la transformaci\u00f3n NDC: inversiones en su plataforma impulsan un acceso inigualable a contenido y m\u00e1s opciones para clientes corporativos<\/a><time datetime=\"2025-07-08T14:00:00+02:00\" class=\"wp-block-latest-posts__post-date\">8 de julio de 2025<\/time><div class=\"wp-block-latest-posts__post-excerpt\">BCD Travel contin\u00faa impulsando la Nueva Capacidad de Distribuci\u00f3n (NDC) con un despliegue acelerado de contenido y soluciones, adem\u00e1s de un aumento en la inversi\u00f3n en su plataforma propia de comercio de viajes. Durante la \u00faltima d\u00e9cada, BCD ha invertido de forma constante millones de d\u00f3lares anualmente para fortalecer su plataforma de comercio de viajes, lo que posiciona a la TMC en una situaci\u00f3n \u00fanica para ofrecer contenido NDC a gran escala.<\/div><\/li>\n<li><a class=\"wp-block-latest-posts__post-title\" href=\"https:\/\/news.bcdtravel.com\/es\/el-ultimo-informe-de-bcd-travel-sobre-compradores-de-viajes-destaca-la-importancia-de-aprovechar-los-datos-para-cumplir-las-prioridades-del-programa\/\">El \u00faltimo informe de BCD Travel sobre compradores de viajes destaca la importancia de aprovechar los datos para cumplir las prioridades del programa<\/a><time datetime=\"2025-06-12T01:50:34+02:00\" class=\"wp-block-latest-posts__post-date\">12 de junio de 2025<\/time><div class=\"wp-block-latest-posts__post-excerpt\">BCD Travel encuest\u00f3 a 197 compradores de viajes de todo el mundo, pertenecientes a los principales sectores. Ellos consideran el ahorro y el control de gastos (94 %) extremadamente importantes o muy importantes. Les siguen el cumplimiento de pol\u00edticas (90 %) y el deber de cuidado (86 %).<\/div><\/li>\n<li><a class=\"wp-block-latest-posts__post-title\" href=\"https:\/\/news.bcdtravel.com\/es\/amadeus-bcd-travel-asocian-ofrecer-cytric-easy-microsoft-teams\/\">Amadeus y BCD Travel se asocian para ofrecer Cytric Easy, para Microsoft Teams<\/a><time datetime=\"2025-06-09T20:53:53+02:00\" class=\"wp-block-latest-posts__post-date\">9 de junio de 2025<\/time><div class=\"wp-block-latest-posts__post-excerpt\">Amadeus, proveedor de tecnolog\u00eda de viajes, firm\u00f3 un acuerdo de colaboraci\u00f3n ampliado con BCD Travel.  incluye ahora la innovadora soluci\u00f3n para gestionar viajes integrada en Microsoft Teams. Mediante la nueva integraci\u00f3n los gestores de viajes corporativos tendr\u00e1n acceso a los beneficios de la tecnolog\u00eda Cytric Easy como parte del portfolio de BCD Travel.<\/div><\/li>\n<li><a class=\"wp-block-latest-posts__post-title\" href=\"https:\/\/news.bcdtravel.com\/es\/informe-de-bcd-travel-revela-que-el-transporte-en-tren-seguira-fuerte-en-2025\/\">Informe de BCD Travel revela que el transporte en tren seguir\u00e1 fuerte en 2025<\/a><time datetime=\"2025-06-09T20:00:45+02:00\" class=\"wp-block-latest-posts__post-date\">9 de junio de 2025<\/time><div class=\"wp-block-latest-posts__post-excerpt\">BCD Travel encuest\u00f3 a 681 viajeros de negocios, de Europa y Asia-Pac\u00edfico, que viajaron en tren por motivos de trabajo al menos una vez en los \u00faltimos 12 meses. Seg\u00fan un tercio de los encuestados la pol\u00edtica de su empresa les anima a viajar en tren en vez de en avi\u00f3n para distancias cortas (mientras que el 6 % de las empresas obligan a viajar en tren).<\/div><\/li>\n<li><a class=\"wp-block-latest-posts__post-title\" href=\"https:\/\/news.bcdtravel.com\/es\/stephanie-denote-se-une-a-bcd-travel-como-svp-travel-commerce\/\">Stephanie DeNote se une a BCD Travel como SVP, Travel Commerce<\/a><time datetime=\"2025-04-01T19:15:04+02:00\" class=\"wp-block-latest-posts__post-date\">1 de abril de 2025<\/time><div class=\"wp-block-latest-posts__post-excerpt\">Stephanie DeNote se une a BCD Travel como SVP, Travel Commerce UTRECHT, Pa\u00edses Bajos. Marzo 31, 2025\u00a0\u2013 BCD Travel anunci\u00f3 el nombramiento de Stephanie DeNote como senior vice president of Travel Commerce, un cargo nuevo. En este puesto, DeNote ser\u00e1 responsable del \u00e9xito de la plataforma Travel Commerce, propiedad de BCD, y de mejorar la<\/div><\/li>\n<li><a class=\"wp-block-latest-posts__post-title\" href=\"https:\/\/news.bcdtravel.com\/es\/bcd-gana-por-duodecima-vez-el-premio-a-la-empresa-mas-admirada-por-los-lectores-de-the-beat\/\">BCD gana por duod\u00e9cima vez el premio a la empresa m\u00e1s admirada por los lectores de The Beat<\/a><time datetime=\"2024-12-04T17:26:36+01:00\" class=\"wp-block-latest-posts__post-date\">4 de diciembre de 2024<\/time><div class=\"wp-block-latest-posts__post-excerpt\">BCD gana por duod\u00e9cima vez el premio a la empresa m\u00e1s admirada por los lectores de The Beat UTRECHT, Pa\u00edses Bajos, 4 de diciembre de 2024 &#8211; El legado de excelencia de BCD Travel contin\u00faa con su octavo a\u00f1o consecutivo, y duod\u00e9cimo en total, como compa\u00f1\u00eda gestora de viajes m\u00e1s admirada por el grupo BTN.<\/div><\/li>\n<\/ul>\n\n\n<div style=\"height:50px\" aria-hidden=\"true\" class=\"wp-block-spacer\"><\/div>\n\n<\/div><\/div>\n\n<div class=\"gb-container gb-container-87edba20\"><div class=\"gb-inside-container\">\n<div class=\"gb-grid-wrapper gb-grid-wrapper-36af41e2\">\n<div class=\"gb-grid-column gb-grid-column-d62db586\"><div class=\"gb-container gb-container-d62db586\"><div class=\"gb-inside-container\">\n\n<h2 class=\"gb-headline gb-headline-6ef254e2\"><span class=\"gb-icon\"><svg aria-hidden=\"true\" role=\"img\" height=\"1em\" width=\"1em\" viewBox=\"0 0 512 512\" xmlns=\"http:\/\/www.w3.org\/2000\/svg\"><path fill=\"currentColor\" d=\"M464 64H48C21.49 64 0 85.49 0 112v288c0 26.51 21.49 48 48 48h416c26.51 0 48-21.49 48-48V112c0-26.51-21.49-48-48-48zm0 48v40.805c-22.422 18.259-58.168 46.651-134.587 106.49-16.841 13.247-50.201 45.072-73.413 44.701-23.208.375-56.579-31.459-73.413-44.701C106.18 199.465 70.425 171.067 48 152.805V112h416zM48 400V214.398c22.914 18.251 55.409 43.862 104.938 82.646 21.857 17.205 60.134 55.186 103.062 54.955 42.717.231 80.509-37.199 103.053-54.947 49.528-38.783 82.032-64.401 104.947-82.653V400H48z\"><\/path><\/svg><\/span><\/h2>\n\n\n\n<h2 class=\"gb-headline gb-headline-512fb9f8 gb-headline-text\">Blog<\/h2>\n\n\n<div class=\"gb-button-wrapper gb-button-wrapper-3198d2a3\">\n\n<a class=\"gb-button gb-button-da88b325 gb-button-text\" href=\"https:\/\/www.bcdtravel.com\/move-global\/subscribe-to-move\/\" target=\"_blank\" rel=\"noopener noreferrer\">See what&#8217;s trending<\/a>\n\n<\/div>\n<\/div><\/div><\/div>\n\n<div class=\"gb-grid-column gb-grid-column-444640bc\"><div class=\"gb-container gb-container-444640bc\"><div class=\"gb-inside-container\">\n\n<h2 class=\"gb-headline gb-headline-2671abd6\"><span class=\"gb-icon\"><svg aria-hidden=\"true\" role=\"img\" height=\"1em\" width=\"1em\" viewBox=\"0 0 448 512\" xmlns=\"http:\/\/www.w3.org\/2000\/svg\"><path fill=\"currentColor\" d=\"M416 32H31.9C14.3 32 0 46.5 0 64.3v383.4C0 465.5 14.3 480 31.9 480H416c17.6 0 32-14.5 32-32.3V64.3c0-17.8-14.4-32.3-32-32.3zM135.4 416H69V202.2h66.5V416zm-33.2-243c-21.3 0-38.5-17.3-38.5-38.5S80.9 96 102.2 96c21.2 0 38.5 17.3 38.5 38.5 0 21.3-17.2 38.5-38.5 38.5zm282.1 243h-66.4V312c0-24.8-.5-56.7-34.5-56.7-34.6 0-39.9 27-39.9 54.9V416h-66.4V202.2h63.7v29.2h.9c8.9-16.8 30.6-34.5 62.9-34.5 67.2 0 79.7 44.3 79.7 101.9V416z\"><\/path><\/svg><\/span><\/h2>\n\n\n\n<h2 class=\"gb-headline gb-headline-6f45ca90 gb-headline-text\">LinkedIn<\/h2>\n\n\n<div class=\"gb-button-wrapper gb-button-wrapper-ad79fb21\">\n\n<a class=\"gb-button gb-button-751598cb gb-button-text\" href=\"https:\/\/www.linkedin.com\/company\/bcd-travel\/\" target=\"_blank\" rel=\"noopener noreferrer\">Follow us on LinkedIn<\/a>\n\n<\/div>\n<\/div><\/div><\/div>\n\n<div class=\"gb-grid-column gb-grid-column-6499723c\"><div class=\"gb-container gb-container-6499723c\"><div class=\"gb-inside-container\">\n\n<h2 class=\"gb-headline gb-headline-f7ad71f1\"><span class=\"gb-icon\"><svg aria-hidden=\"true\" role=\"img\" height=\"1em\" width=\"1em\" viewBox=\"0 0 448 512\" xmlns=\"http:\/\/www.w3.org\/2000\/svg\"><path fill=\"currentColor\" d=\"M400 32H48C21.5 32 0 53.5 0 80v352c0 26.5 21.5 48 48 48h352c26.5 0 48-21.5 48-48V80c0-26.5-21.5-48-48-48zm-48.9 158.8c.2 2.8.2 5.7.2 8.5 0 86.7-66 186.6-186.6 186.6-37.2 0-71.7-10.8-100.7-29.4 5.3.6 10.4.8 15.8.8 30.7 0 58.9-10.4 81.4-28-28.8-.6-53-19.5-61.3-45.5 10.1 1.5 19.2 1.5 29.6-1.2-30-6.1-52.5-32.5-52.5-64.4v-.8c8.7 4.9 18.9 7.9 29.6 8.3a65.447 65.447 0 0 1-29.2-54.6c0-12.2 3.2-23.4 8.9-33.1 32.3 39.8 80.8 65.8 135.2 68.6-9.3-44.5 24-80.6 64-80.6 18.9 0 35.9 7.9 47.9 20.7 14.8-2.8 29-8.3 41.6-15.8-4.9 15.2-15.2 28-28.8 36.1 13.2-1.4 26-5.1 37.8-10.2-8.9 13.1-20.1 24.7-32.9 34z\"><\/path><\/svg><\/span><\/h2>\n\n\n\n<h2 class=\"gb-headline gb-headline-f9fba324 gb-headline-text\">Twitter<\/h2>\n\n\n<div class=\"gb-button-wrapper gb-button-wrapper-12b117bc\">\n\n<a class=\"gb-button gb-button-2d078b72 gb-button-text\" href=\"https:\/\/twitter.com\/BCDTravel\" target=\"_blank\" rel=\"noopener noreferrer\">Follow us on Twitter<\/a>\n\n<\/div>\n<\/div><\/div><\/div>\n<\/div>\n<\/div><\/div>\n\n\n<div style=\"height:100px\" aria-hidden=\"true\" class=\"wp-block-spacer\"><\/div>\n","protected":false},"excerpt":{"rendered":"<p>Bienvenido a nuestro centro global de noticias Estimados periodistas, Nos alegra que haya encontrado nuestro centro global de noticias. Si usted est\u00e1 buscando informaci\u00f3n relacionada al negocio de viajes, citas o im\u00e1genes no dude en contactarnos, estamos esperando sus consultas. \u00daltimos comunicados de prensa<\/p>\n","protected":false},"author":2,"featured_media":0,"parent":0,"menu_order":0,"comment_status":"closed","ping_status":"closed","template":"","meta":{"footnotes":""},"class_list":["post-64575","page","type-page","status-publish"],"_links":{"self":[{"href":"https:\/\/news.bcdtravel.com\/es\/wp-json\/wp\/v2\/pages\/64575","targetHints":{"allow":["GET"]}}],"collection":[{"href":"https:\/\/news.bcdtravel.com\/es\/wp-json\/wp\/v2\/pages"}],"about":[{"href":"https:\/\/news.bcdtravel.com\/es\/wp-json\/wp\/v2\/types\/page"}],"author":[{"embeddable":true,"href":"https:\/\/news.bcdtravel.com\/es\/wp-json\/wp\/v2\/users\/2"}],"replies":[{"embeddable":true,"href":"https:\/\/news.bcdtravel.com\/es\/wp-json\/wp\/v2\/comments?post=64575"}],"version-history":[{"count":0,"href":"https:\/\/news.bcdtravel.com\/es\/wp-json\/wp\/v2\/pages\/64575\/revisions"}],"wp:attachment":[{"href":"https:\/\/news.bcdtravel.com\/es\/wp-json\/wp\/v2\/media?parent=64575"}],"curies":[{"name":"wp","href":"https:\/\/api.w.org\/{rel}","templated":true}]}}]