[{"id":64574,"date":"2021-05-11T15:34:11","date_gmt":"2021-05-11T15:34:11","guid":{"rendered":"https:\/\/news.bcdtravel.com\/homepage\/"},"modified":"2021-11-18T16:42:45","modified_gmt":"2021-11-18T15:42:45","slug":"homepage","status":"publish","type":"page","link":"https:\/\/news.bcdtravel.com\/pt-br\/homepage\/","title":{"rendered":"homepage"},"content":{"rendered":"<div class=\"gb-container gb-container-182b873f\"><div class=\"gb-inside-container\">\n\n<h1 class=\"gb-headline gb-headline-6b794142 gb-headline-text\">Bem-vindo \u00e0 nossa sala de not\u00edcias<\/h1>\n\n\n\n<p>Caros jornalistas,<\/p>\n\n\n\n<p>Estamos felizes em ver que voc\u00ea encontrou o caminho para a nossa sala de not\u00edcias global. <\/p>\n\n\n\n<p>Se voc\u00ea estiver procurando informa\u00e7\u00f5es, cita\u00e7\u00f5es ou fotos relacionadas a viagens de neg\u00f3cios, n\u00e3o hesite em entrar em contato conosco, <a href=\"https:\/\/news.bcdtravel.com\/press-contacts\/\"><strong>aguardamos suas perguntas<\/strong><\/a>.<\/p>\n\n\n\n<div style=\"height:30px\" aria-hidden=\"true\" class=\"wp-block-spacer\"><\/div>\n\n\n\n<h2 class=\"gb-headline gb-headline-26b4f5a0 gb-headline-text\">\u00daltimos comunicados \u00e0 imprensa<\/h2>\n\n\n<ul class=\"wp-block-latest-posts__list has-dates wp-block-latest-posts\"><li><a class=\"wp-block-latest-posts__post-title\" href=\"https:\/\/news.bcdtravel.com\/pt-br\/bcd-travel-recebe-classificacao-de-sustentabilidade-ecovadis-platinum-pelo-terceiro-ano-consecutivo\/\">BCD Travel recebe classifica\u00e7\u00e3o de sustentabilidade EcoVadis Platinum pelo terceiro ano consecutivo<\/a><time datetime=\"2022-08-18T17:14:37+02:00\" class=\"wp-block-latest-posts__post-date\">18 de agosto de 2022<\/time><div class=\"wp-block-latest-posts__post-excerpt\">BCD Travel recebe classifica\u00e7\u00e3o de sustentabilidade EcoVadis Platinum pelo terceiro ano consecutivo Pelo terceiro ano consecutivo, a BCD Travel recebeu a classifica\u00e7\u00e3o Platinum da EcoVadis, o maior e mais confi\u00e1vel fornecedor mundial de classifica\u00e7\u00f5es de sustentabilidade de neg\u00f3cios. Com esta classifica\u00e7\u00e3o Platinum, a BCD mant\u00e9m sua posi\u00e7\u00e3o como uma das empresas de melhor desempenho, no<\/div><\/li>\n<li><a class=\"wp-block-latest-posts__post-title\" href=\"https:\/\/news.bcdtravel.com\/pt-br\/relatorio-da-bcd-travel-explora-8-tendencias-de-viagens-corporativas-para-2022\/\">Relat\u00f3rio da BCD Travel explora 8 tend\u00eancias de viagens corporativas para 2022<\/a><time datetime=\"2022-01-12T20:20:31+01:00\" class=\"wp-block-latest-posts__post-date\">12 de janeiro de 2022<\/time><div class=\"wp-block-latest-posts__post-excerpt\">Relat\u00f3rio da BCD Travel explora 8 tend\u00eancias de viagens corporativas para 2022 A pandemia da COVID-19 levou as viagens corporativas a reorientarem suas prioridades. A BCD Travel identificou oito tend\u00eancias que ressoar\u00e3o com os travel managers e viajantes em 2022 e as compilou em um novo relat\u00f3rio, Business Travel Trends for 2022. 1.O valor das<\/div><\/li>\n<li><a class=\"wp-block-latest-posts__post-title\" href=\"https:\/\/news.bcdtravel.com\/pt-br\/bcd-travel-ganha-o-reconhecimento-de-tmc-mais-admirada-pela-nona-vez\/\">BCD Travel ganha o reconhecimento de &#8220;TMC Mais Admirada&#8221; pela nona vez<\/a><time datetime=\"2022-01-07T15:12:31+01:00\" class=\"wp-block-latest-posts__post-date\">7 de janeiro de 2022<\/time><div class=\"wp-block-latest-posts__post-excerpt\">Um grupo de profissionais do setor de viagens corporativas selecionou a BCD Travel como a empresa de gest\u00e3o de viagens mais admirada, pela nona vez &#8211; conforme votado pelos leitores do The Beat.<\/div><\/li>\n<li><a class=\"wp-block-latest-posts__post-title\" href=\"https:\/\/news.bcdtravel.com\/pt-br\/delta-e-bcd-travel-assinam-acordo-global-inedito-de-combustivel-sustentavel-no-setor-da-gestao-de-viagens\/\">Delta e BCD Travel assinam acordo global in\u00e9dito de combust\u00edvel sustent\u00e1vel no setor da gest\u00e3o de viagens<\/a><time datetime=\"2021-05-05T16:25:19+02:00\" class=\"wp-block-latest-posts__post-date\">5 de maio de 2021<\/time><div class=\"wp-block-latest-posts__post-excerpt\">A Delta Air Lines e a BCD Travel USA LLC acabam de assinar o primeiro acordo de combust\u00edvel de avia\u00e7\u00e3o sustent\u00e1vel (SAF) para uma empresa de gest\u00e3o de viagens. Este contrato in\u00e9dito vai ajudar a lidar com as emiss\u00f5es das viagens dos colaboradores da BCD e, enquanto uma das maiores ag\u00eancias de gest\u00e3o de viagens do mundo, refor\u00e7ar o futuro da sustentabilidade na ind\u00fastria de viagens.<\/div><\/li>\n<li><a class=\"wp-block-latest-posts__post-title\" href=\"https:\/\/news.bcdtravel.com\/pt-br\/pesquisa-realizada-pela-bcd-travel-revela-que-as-tres-principais-preocupacoes-para-viagens-futuras-sao-alguns-habitos-adotados-durante-a-quarentena-distanciamento-social-e-limpeza\/\">Pesquisa realizada pela BCD Travel revela que as tr\u00eas principais preocupa\u00e7\u00f5es para viagens futuras s\u00e3o alguns h\u00e1bitos adotados durante a quarentena, distanciamento social e limpeza<\/a><time datetime=\"2020-05-28T09:00:49+02:00\" class=\"wp-block-latest-posts__post-date\">28 de maio de 2020<\/time><div class=\"wp-block-latest-posts__post-excerpt\">Os viajantes corporativos est\u00e3o mais preocupados com h\u00e1bitos adquiridos durante a quarentena, seguidos pelo distanciamento social e pela limpeza do ambiente durante as viagens, de acordo com uma pesquisa recente, realizada com 1.260 viajantes corporativos em todo o mundo.<\/div><\/li>\n<li><a class=\"wp-block-latest-posts__post-title\" href=\"https:\/\/news.bcdtravel.com\/pt-br\/pesquisa-da-bcd-travel-revela-que-dois-tercos-das-equipes-de-viagens-corporativas-estavam-prontas-para-a-pandemia\/\">Pesquisa da BCD Travel revela que dois ter\u00e7os das equipes de viagens corporativas estavam prontas para a pandemia<\/a><time datetime=\"2020-05-07T09:00:15+02:00\" class=\"wp-block-latest-posts__post-date\">7 de maio de 2020<\/time><div class=\"wp-block-latest-posts__post-excerpt\">Embora o COVID-19 tenha afetado gravemente as viagens de neg\u00f3cios, a maioria das equipes de viagens corporativas se sentiu adequadamente preparada para lidar com a pandemia, de acordo com uma pesquisa recente com 125 Travel Managers, respons\u00e1veis por programas de viagens em todo o mundo. A BCD Travel conduziu a pesquisa de 6 a 16 de abril de 2020.<\/div><\/li>\n<li><a class=\"wp-block-latest-posts__post-title\" href=\"https:\/\/news.bcdtravel.com\/pt-br\/bcd-travel-atinge-a-mais-alta-classificacao-de-sustentabilidade-platinum-ecovadis\/\">BCD Travel atinge a mais alta classifica\u00e7\u00e3o de sustentabilidade \u2013 Platinum EcoVadis<\/a><time datetime=\"2020-04-17T15:30:47+02:00\" class=\"wp-block-latest-posts__post-date\">17 de abril de 2020<\/time><div class=\"wp-block-latest-posts__post-excerpt\">A BCD Travel obteve a classifica\u00e7\u00e3o mais alta em uma avalia\u00e7\u00e3o independente e de prest\u00edgio, que mede o desempenho da sustentabilidade. \u00c9 o quinto ano consecutivo em que a TMC mant\u00e9m sua posi\u00e7\u00e3o entre o 1% dos melhores fornecedores, avaliados pela EcoVadis, a plataforma l\u00edder mundial em auditorias de responsabilidade social corporativa.<\/div><\/li>\n<li><a class=\"wp-block-latest-posts__post-title\" href=\"https:\/\/news.bcdtravel.com\/pt-br\/a-bcd-travel-reconhece-a-mari-afonso-por-suas-contribuicoes-excepcionais-com-o-premio-bcd-women-of-distinction-2020-2\/\">A BCD Travel reconhece a Mari Afonso por suas contribui\u00e7\u00f5es excepcionais com o Pr\u00eamio BCD Women of Distinction 2020 \u00a0<\/a><time datetime=\"2020-03-05T18:18:24+01:00\" class=\"wp-block-latest-posts__post-date\">5 de mar\u00e7o de 2020<\/time><div class=\"wp-block-latest-posts__post-excerpt\">Empresa l\u00edder em gest\u00e3o de viagens, a BCD Travel entregou seu Pr\u00eamio Women of Distinction 2020 \u00e0 Gerente de opera\u00e7\u00f5es Mari Afonso. A BCD lan\u00e7ou esse reconhecimento no ano passado para homenagear mulheres que tenham demonstrado extraordin\u00e1ria lideran\u00e7a, seja na BCD ou em suas comunidades de forma mais ampla.<\/div><\/li>\n<li><a class=\"wp-block-latest-posts__post-title\" href=\"https:\/\/news.bcdtravel.com\/pt-br\/bcd-travel-nomeia-teri-miller-vice-presidente-executiva-da-equipe-global-de-clientes\/\">BCD Travel Nomeia Teri Miller Vice-Presidente Executiva da Equipe Global de Clientes<\/a><time datetime=\"2020-02-27T22:00:00+01:00\" class=\"wp-block-latest-posts__post-date\">27 de fevereiro de 2020<\/time><div class=\"wp-block-latest-posts__post-excerpt\">A empresa l\u00edder mundial em gerenciamento de viagens corporativas, BCD Travel, nomeou Teri Miller para Vice-Presidente Executiva da equipe global de clientes, respons\u00e1vel por seus maiores clientes globais. Miller se junta \u00e0 equipe executiva global da BCD, reportando-se diretamente a Mike Janssen, Diretor Global de Opera\u00e7\u00f5es e Diretor Comercial.<\/div><\/li>\n<li><a class=\"wp-block-latest-posts__post-title\" href=\"https:\/\/news.bcdtravel.com\/pt-br\/resultados-financeiros-dao-impulso-ao-plano-estrategico-de-crescimento-de-viagens-da-bcd-travel\/\">Resultados financeiros d\u00e3o impulso ao plano estrat\u00e9gico de crescimento de viagens da BCD Travel<\/a><time datetime=\"2020-02-20T12:00:18+01:00\" class=\"wp-block-latest-posts__post-date\">20 de fevereiro de 2020<\/time><div class=\"wp-block-latest-posts__post-excerpt\">A empresa l\u00edder em gerenciamento de viagens, BCD Travel, anunciou hoje seus resultados financeiros de 2019. As vendas totalizaram US $ 27,5 bilh\u00f5es em 2019, incluindo US $ 10,9 bilh\u00f5es em vendas de parceiros. As vendas cresceram 1% em rela\u00e7\u00e3o a 2018, apesar da incerteza econ\u00f4mica global e da situa\u00e7\u00e3o pol\u00edtica em muitas partes do mundo. Novas vendas ultrapassaram novamente a marca de US $ 1 bilh\u00e3o.<\/div><\/li>\n<\/ul>\n\n\n<div style=\"height:50px\" aria-hidden=\"true\" class=\"wp-block-spacer\"><\/div>\n\n<\/div><\/div>\n\n<div class=\"gb-container gb-container-87edba20\"><div class=\"gb-inside-container\">\n<div class=\"gb-grid-wrapper gb-grid-wrapper-36af41e2\">\n<div class=\"gb-grid-column gb-grid-column-d62db586\"><div class=\"gb-container gb-container-d62db586\"><div class=\"gb-inside-container\">\n\n<h2 class=\"gb-headline gb-headline-6ef254e2\"><span class=\"gb-icon\"><svg aria-hidden=\"true\" role=\"img\" height=\"1em\" width=\"1em\" viewBox=\"0 0 512 512\" xmlns=\"http:\/\/www.w3.org\/2000\/svg\"><path fill=\"currentColor\" d=\"M464 64H48C21.49 64 0 85.49 0 112v288c0 26.51 21.49 48 48 48h416c26.51 0 48-21.49 48-48V112c0-26.51-21.49-48-48-48zm0 48v40.805c-22.422 18.259-58.168 46.651-134.587 106.49-16.841 13.247-50.201 45.072-73.413 44.701-23.208.375-56.579-31.459-73.413-44.701C106.18 199.465 70.425 171.067 48 152.805V112h416zM48 400V214.398c22.914 18.251 55.409 43.862 104.938 82.646 21.857 17.205 60.134 55.186 103.062 54.955 42.717.231 80.509-37.199 103.053-54.947 49.528-38.783 82.032-64.401 104.947-82.653V400H48z\"><\/path><\/svg><\/span><\/h2>\n\n\n\n<h2 class=\"gb-headline gb-headline-512fb9f8 gb-headline-text\">Blog<\/h2>\n\n\n<div class=\"gb-button-wrapper gb-button-wrapper-3198d2a3\">\n\n<a class=\"gb-button gb-button-da88b325 gb-button-text\" href=\"https:\/\/www.bcdtravel.com\/move-global\/subscribe-to-move\/\" target=\"_blank\" rel=\"noopener noreferrer\">See what&#8217;s trending<\/a>\n\n<\/div>\n<\/div><\/div><\/div>\n\n<div class=\"gb-grid-column gb-grid-column-444640bc\"><div class=\"gb-container gb-container-444640bc\"><div class=\"gb-inside-container\">\n\n<h2 class=\"gb-headline gb-headline-2671abd6\"><span class=\"gb-icon\"><svg aria-hidden=\"true\" role=\"img\" height=\"1em\" width=\"1em\" viewBox=\"0 0 448 512\" xmlns=\"http:\/\/www.w3.org\/2000\/svg\"><path fill=\"currentColor\" d=\"M416 32H31.9C14.3 32 0 46.5 0 64.3v383.4C0 465.5 14.3 480 31.9 480H416c17.6 0 32-14.5 32-32.3V64.3c0-17.8-14.4-32.3-32-32.3zM135.4 416H69V202.2h66.5V416zm-33.2-243c-21.3 0-38.5-17.3-38.5-38.5S80.9 96 102.2 96c21.2 0 38.5 17.3 38.5 38.5 0 21.3-17.2 38.5-38.5 38.5zm282.1 243h-66.4V312c0-24.8-.5-56.7-34.5-56.7-34.6 0-39.9 27-39.9 54.9V416h-66.4V202.2h63.7v29.2h.9c8.9-16.8 30.6-34.5 62.9-34.5 67.2 0 79.7 44.3 79.7 101.9V416z\"><\/path><\/svg><\/span><\/h2>\n\n\n\n<h2 class=\"gb-headline gb-headline-6f45ca90 gb-headline-text\">LinkedIn<\/h2>\n\n\n<div class=\"gb-button-wrapper gb-button-wrapper-ad79fb21\">\n\n<a class=\"gb-button gb-button-751598cb gb-button-text\" href=\"https:\/\/www.linkedin.com\/company\/bcd-travel\/\" target=\"_blank\" rel=\"noopener noreferrer\">Follow us on LinkedIn<\/a>\n\n<\/div>\n<\/div><\/div><\/div>\n\n<div class=\"gb-grid-column gb-grid-column-6499723c\"><div class=\"gb-container gb-container-6499723c\"><div class=\"gb-inside-container\">\n\n<h2 class=\"gb-headline gb-headline-f7ad71f1\"><span class=\"gb-icon\"><svg aria-hidden=\"true\" role=\"img\" height=\"1em\" width=\"1em\" viewBox=\"0 0 448 512\" xmlns=\"http:\/\/www.w3.org\/2000\/svg\"><path fill=\"currentColor\" d=\"M400 32H48C21.5 32 0 53.5 0 80v352c0 26.5 21.5 48 48 48h352c26.5 0 48-21.5 48-48V80c0-26.5-21.5-48-48-48zm-48.9 158.8c.2 2.8.2 5.7.2 8.5 0 86.7-66 186.6-186.6 186.6-37.2 0-71.7-10.8-100.7-29.4 5.3.6 10.4.8 15.8.8 30.7 0 58.9-10.4 81.4-28-28.8-.6-53-19.5-61.3-45.5 10.1 1.5 19.2 1.5 29.6-1.2-30-6.1-52.5-32.5-52.5-64.4v-.8c8.7 4.9 18.9 7.9 29.6 8.3a65.447 65.447 0 0 1-29.2-54.6c0-12.2 3.2-23.4 8.9-33.1 32.3 39.8 80.8 65.8 135.2 68.6-9.3-44.5 24-80.6 64-80.6 18.9 0 35.9 7.9 47.9 20.7 14.8-2.8 29-8.3 41.6-15.8-4.9 15.2-15.2 28-28.8 36.1 13.2-1.4 26-5.1 37.8-10.2-8.9 13.1-20.1 24.7-32.9 34z\"><\/path><\/svg><\/span><\/h2>\n\n\n\n<h2 class=\"gb-headline gb-headline-f9fba324 gb-headline-text\">Twitter<\/h2>\n\n\n<div class=\"gb-button-wrapper gb-button-wrapper-12b117bc\">\n\n<a class=\"gb-button gb-button-2d078b72 gb-button-text\" href=\"https:\/\/twitter.com\/BCDTravel\" target=\"_blank\" rel=\"noopener noreferrer\">Follow us on Twitter<\/a>\n\n<\/div>\n<\/div><\/div><\/div>\n<\/div>\n<\/div><\/div>\n\n\n<div style=\"height:100px\" aria-hidden=\"true\" class=\"wp-block-spacer\"><\/div>\n","protected":false},"excerpt":{"rendered":"<p>Bem-vindo \u00e0 nossa sala de not\u00edcias Caros jornalistas, Estamos felizes em ver que voc\u00ea encontrou o caminho para a nossa sala de not\u00edcias global. Se voc\u00ea estiver procurando informa\u00e7\u00f5es, cita\u00e7\u00f5es ou fotos relacionadas a viagens de neg\u00f3cios, n\u00e3o hesite em entrar em contato conosco, aguardamos suas perguntas. \u00daltimos comunicados \u00e0 imprensa<\/p>\n","protected":false},"author":2,"featured_media":0,"parent":0,"menu_order":0,"comment_status":"closed","ping_status":"closed","template":"","meta":{"footnotes":""},"class_list":["post-64574","page","type-page","status-publish"],"_links":{"self":[{"href":"https:\/\/news.bcdtravel.com\/pt-br\/wp-json\/wp\/v2\/pages\/64574","targetHints":{"allow":["GET"]}}],"collection":[{"href":"https:\/\/news.bcdtravel.com\/pt-br\/wp-json\/wp\/v2\/pages"}],"about":[{"href":"https:\/\/news.bcdtravel.com\/pt-br\/wp-json\/wp\/v2\/types\/page"}],"author":[{"embeddable":true,"href":"https:\/\/news.bcdtravel.com\/pt-br\/wp-json\/wp\/v2\/users\/2"}],"replies":[{"embeddable":true,"href":"https:\/\/news.bcdtravel.com\/pt-br\/wp-json\/wp\/v2\/comments?post=64574"}],"version-history":[{"count":0,"href":"https:\/\/news.bcdtravel.com\/pt-br\/wp-json\/wp\/v2\/pages\/64574\/revisions"}],"wp:attachment":[{"href":"https:\/\/news.bcdtravel.com\/pt-br\/wp-json\/wp\/v2\/media?parent=64574"}],"curies":[{"name":"wp","href":"https:\/\/api.w.org\/{rel}","templated":true}]}}]