[{"id":64576,"date":"2021-05-11T15:34:11","date_gmt":"2021-05-11T15:34:11","guid":{"rendered":"https:\/\/news.bcdtravel.com\/homepage\/"},"modified":"2021-11-18T16:45:18","modified_gmt":"2021-11-18T15:45:18","slug":"homepage","status":"publish","type":"page","link":"https:\/\/news.bcdtravel.com\/sv\/homepage\/","title":{"rendered":"homepage"},"content":{"rendered":"\n<h1 class=\"gb-headline gb-headline-9196a95e gb-headline-text\">V\u00e4lkommen till v\u00e5rt nyhetsrum<\/h1>\n\n\n\n<p>K\u00e4ra journalister,<\/p>\n\n\n\n<p>Vi \u00e4r glada \u00f6ver att du har hittat din v\u00e4g till v\u00e5rt globala nyhetsrum. <\/p>\n\n\n\n<p>Om du s\u00f6ker information om aff\u00e4rsresor, offert eller bilder tvekar inte att n\u00e5 oss, <a href=\"https:\/\/news.bcdtravel.com\/press-contacts\/\">ser vi fram emot dina fr\u00e5gor<\/a>.<\/p>\n\n\n<div class=\"gb-container gb-container-f85ce296\"><div class=\"gb-inside-container\">\n\n<h2 class=\"gb-headline gb-headline-219c8f6d gb-headline-text\">Senaste pressmeddelanden<\/h2>\n\n\n<ul class=\"wp-block-latest-posts__list has-dates wp-block-latest-posts\"><li><a class=\"wp-block-latest-posts__post-title\" href=\"https:\/\/news.bcdtravel.com\/sv\/vinnaren-utsedd-i-arets-upplaga-av-bcd-women-of-distinction-award\/\">Vinnaren utsedd i \u00e5rets upplaga av BCD Women of Distinction Award<\/a><time datetime=\"2020-03-05T17:53:10+01:00\" class=\"wp-block-latest-posts__post-date\">5 mars 2020<\/time><div class=\"wp-block-latest-posts__post-excerpt\">Aff\u00e4rsresebyr\u00e5n BCD Travel har utn\u00e4mnt Mari Afonso, Operations Manager p\u00e5 BCD Travel, till vinnare av 2020 Women of Distinction Award. BCD Travel introducerade utm\u00e4rkelsen under f\u00f6rra \u00e5ret f\u00f6r att hylla kvinnliga ledare b\u00e5de inom organisationen och i BCDs n\u00e4tverk.<\/div><\/li>\n<li><a class=\"wp-block-latest-posts__post-title\" href=\"https:\/\/news.bcdtravel.com\/sv\/goda-resultat-ger-okat-momentum-till-affarsresebyran-bcd-travels-strategiska-tillvaxtplan\/\">Goda resultat ger \u00f6kat momentum till aff\u00e4rsresebyr\u00e5n BCD Travels strategiska tillv\u00e4xtplan<\/a><time datetime=\"2020-02-20T11:35:41+01:00\" class=\"wp-block-latest-posts__post-date\">20 februari 2020<\/time><div class=\"wp-block-latest-posts__post-excerpt\">Idag kommunicerade den marknadsledande aff\u00e4rsresebyr\u00e5n BCD Travel sitt r\u00f6relseresultat f\u00f6r 2019 som innebar en total f\u00f6rs\u00e4ljning om 27,5 miljarder USD, varav partnerf\u00f6rs\u00e4ljning stod f\u00f6r 10,9 miljarder USD. F\u00f6rs\u00e4ljningen \u00f6kade med \u00f6ver 1 procent j\u00e4mf\u00f6rt med 2018. Detta trots en os\u00e4ker global ekonomi och politiska oroligheter i m\u00e5nga delar av v\u00e4rlden. Nykundsf\u00f6rs\u00e4ljningen \u00f6versteg \u00e4ven f\u00f6r 2019 en miljard USD.<\/div><\/li>\n<li><a class=\"wp-block-latest-posts__post-title\" href=\"https:\/\/news.bcdtravel.com\/sv\/hallbarhetsfragor-och-resetrender-foeraendrar-affaersresandet-fran-och-med-naesta-ar\/\">H\u00e5llbarhetsfr\u00e5gor och resetrender f\u00f6r\u00e4ndrar aff\u00e4rsresandet fr\u00e5n och med n\u00e4sta \u00e5r<\/a><time datetime=\"2019-12-12T10:16:36+01:00\" class=\"wp-block-latest-posts__post-date\">12 december 2019<\/time><div class=\"wp-block-latest-posts__post-excerpt\">I en ny onlinerapport, \u201dHow to Travel Beyond 2020\u201d, har BCD Travel tittat n\u00e4rmare p\u00e5 r\u00e5dande h\u00e5llbarhetsfr\u00e5gor och resetrender samt tagit fram en framtidsutsikt f\u00f6r aff\u00e4rsresor 2020. BCD Travel delar i rapporten ocks\u00e5 med sig av tips och r\u00e5d f\u00f6r vad f\u00f6retag kan g\u00f6ra redan idag f\u00f6r att resa mer h\u00e5llbart och efterstr\u00e4va klimatneutrala resor.<\/div><\/li>\n<li><a class=\"wp-block-latest-posts__post-title\" href=\"https:\/\/news.bcdtravel.com\/sv\/kvalitetshantering-i-affarsreseprogram-forsvaras-av-osakra-matstandarder\/\">Kvalitetshantering i aff\u00e4rsreseprogram f\u00f6rsv\u00e5ras av os\u00e4kra m\u00e4tstandarder<\/a><time datetime=\"2019-12-04T09:00:13+01:00\" class=\"wp-block-latest-posts__post-date\">4 december 2019<\/time><div class=\"wp-block-latest-posts__post-excerpt\">Resek\u00f6pare jobbar st\u00e4ndigt med att f\u00f6rs\u00f6ka f\u00f6rb\u00e4ttra reseupplevelsen f\u00f6r f\u00f6retaget och de anst\u00e4llda. BCD Travel har i samarbete med ACTE (Association of Corporate Travel Executives) nyligen publicerat en unders\u00f6kning, \u201dQuality Management in Business Travel 2.0\u201d, som kartl\u00e4gger resek\u00f6parnas utmaningar med att konsekvent m\u00e4ta och utv\u00e4rdera kvaliteten i aff\u00e4rsreseprogram. Unders\u00f6kningen visar bland annat att de m\u00e4tstandarder som anv\u00e4nds f\u00f6r att utv\u00e4rdera reseupplevelsen ofta missf\u00f6rst\u00e5s vilket g\u00f6r att de s\u00e4llan anv\u00e4nds.<\/div><\/li>\n<li><a class=\"wp-block-latest-posts__post-title\" href=\"https:\/\/news.bcdtravel.com\/sv\/bcd-travel-behaller-topplacering-inom-hallbarhet-for-fjarde-aret-i-rad\/\">BCD Travel beh\u00e5ller topplacering inom h\u00e5llbarhet f\u00f6r fj\u00e4rde \u00e5ret i rad<\/a><time datetime=\"2019-11-28T09:00:57+01:00\" class=\"wp-block-latest-posts__post-date\">28 november 2019<\/time><div class=\"wp-block-latest-posts__post-excerpt\">BCD Travel har erh\u00e5llit guldrankning i en oberoende m\u00e4tning f\u00f6r h\u00e5llbarhetsarbete \u2013 den enda aff\u00e4rsresebyr\u00e5n att uppn\u00e5 denna topplaceringen f\u00f6r fj\u00e4rde \u00e5ret i rad.<\/div><\/li>\n<li><a class=\"wp-block-latest-posts__post-title\" href=\"https:\/\/news.bcdtravel.com\/sv\/bcd-travel-launches-the-solutionsource-developer-hub\/\">BCD Travel launches the SolutionSource\u00ae Developer Hub, empowering travel technology providers to build for the future<\/a><time datetime=\"2019-10-24T13:12:28+02:00\" class=\"wp-block-latest-posts__post-date\">24 oktober 2019<\/time><div class=\"wp-block-latest-posts__post-excerpt\">Leading global travel management company BCD Travel today introduced the SolutionSource\u00ae Developer Hub. The innovative new hub gives technology creators APIs and developer tools they can leverage to build corporate travel solutions tailored for BCD Travel clients. <\/div><\/li>\n<li><a class=\"wp-block-latest-posts__post-title\" href=\"https:\/\/news.bcdtravel.com\/sv\/bcd-travel-lanserar-connect-en-digital-plattform-for-affarsresekunder\/\">BCD Travel lanserar Connect \u2013 en digital plattform f\u00f6r aff\u00e4rsresekunder<\/a><time datetime=\"2019-09-26T16:12:13+02:00\" class=\"wp-block-latest-posts__post-date\">26 september 2019<\/time><div class=\"wp-block-latest-posts__post-excerpt\">Aff\u00e4rsresef\u00f6retaget BCD Travel introducerar Connect, ett digitalt samarbetsverktyg framtaget exklusivt f\u00f6r BCDs kunder. Connect \u00e4r byggt utifr\u00e5n en digital gemenskapskultur och ger anv\u00e4ndarna tillg\u00e5ng till exempelvis diskussionsgrupper, trender, branschinformation, utbildningsmaterial, produktuppdateringar och support fr\u00e5n BCDs reseexperter.  <\/div><\/li>\n<li><a class=\"wp-block-latest-posts__post-title\" href=\"https:\/\/news.bcdtravel.com\/sv\/bcd-travel-achieves-iata-level-3-ndc-certification\/\">BCD Travel achieves IATA Level 3 NDC certification<\/a><time datetime=\"2019-09-24T02:51:40+02:00\" class=\"wp-block-latest-posts__post-date\">24 september 2019<\/time><div class=\"wp-block-latest-posts__post-excerpt\">Global business travel management company BCD Travel today announced that it has been designated NDC-Certified Level 3 by IATA (International Air Transport Association), the organization that launched the New Distribution Capability (NDC) data transmission standard.\u00a0<\/div><\/li>\n<li><a class=\"wp-block-latest-posts__post-title\" href=\"https:\/\/news.bcdtravel.com\/sv\/priset-for-hotellnatter-och-flygresor-kommer-att-oka-enligt-bcd-travels-2020-industry-forecast\/\">Priset f\u00f6r hotelln\u00e4tter och flygresor kommer att \u00f6ka enligt BCD Travels 2020 Industry Forecast<\/a><time datetime=\"2019-09-17T13:35:21+02:00\" class=\"wp-block-latest-posts__post-date\">17 september 2019<\/time><div class=\"wp-block-latest-posts__post-excerpt\">Det ledande globala aff\u00e4rsresef\u00f6retaget BCD Travel prognostiserar i sin nya 2020 Industry Forecast att under n\u00e4sta \u00e5r kommer hotellpriserna globalt att \u00f6ka med 1 till 3 procent och priset f\u00f6r flygresor med 1 till 2 procent.<\/div><\/li>\n<li><a class=\"wp-block-latest-posts__post-title\" href=\"https:\/\/news.bcdtravel.com\/sv\/bcd-travel-solutionsource-vaxer-snabbt-och-har-nu-19-tredjeparts-teknologipartners\/\">BCD Travel\u2019s SolutionSource\u00ae v\u00e4xer snabbt och har nu 19 tredjeparts teknologipartners<\/a><time datetime=\"2019-07-31T14:53:18+02:00\" class=\"wp-block-latest-posts__post-date\">31 juli 2019<\/time><div class=\"wp-block-latest-posts__post-excerpt\">Den ledande globala aff\u00e4rsresef\u00f6retaget BCD Travel presenterade idag en signifikant expansion av antalet erbjudanden i sin SolutionSource platform. Med dessa till\u00e4gg s\u00e5 f\u00e5r SolutionSource kunder access till 19 tredjeparts teknik leverant\u00f6rer \u2013 med sex nya alternativ sedan b\u00f6rjan av \u00e5ret. \u00d6ver 300 kunder runt om i v\u00e4rlden har implementerat en eller flera SolutionSource teknikpartners i deras erbjudande.<\/div><\/li>\n<\/ul>\n\n\n<div style=\"height:50px\" aria-hidden=\"true\" class=\"wp-block-spacer\"><\/div>\n\n<\/div><\/div>\n\n<div class=\"gb-container gb-container-87edba20\"><div class=\"gb-inside-container\">\n<div class=\"gb-grid-wrapper gb-grid-wrapper-36af41e2\">\n<div class=\"gb-grid-column gb-grid-column-d62db586\"><div class=\"gb-container gb-container-d62db586\"><div class=\"gb-inside-container\">\n\n<h2 class=\"gb-headline gb-headline-6ef254e2\"><span class=\"gb-icon\"><svg aria-hidden=\"true\" role=\"img\" height=\"1em\" width=\"1em\" viewBox=\"0 0 512 512\" xmlns=\"http:\/\/www.w3.org\/2000\/svg\"><path fill=\"currentColor\" d=\"M464 64H48C21.49 64 0 85.49 0 112v288c0 26.51 21.49 48 48 48h416c26.51 0 48-21.49 48-48V112c0-26.51-21.49-48-48-48zm0 48v40.805c-22.422 18.259-58.168 46.651-134.587 106.49-16.841 13.247-50.201 45.072-73.413 44.701-23.208.375-56.579-31.459-73.413-44.701C106.18 199.465 70.425 171.067 48 152.805V112h416zM48 400V214.398c22.914 18.251 55.409 43.862 104.938 82.646 21.857 17.205 60.134 55.186 103.062 54.955 42.717.231 80.509-37.199 103.053-54.947 49.528-38.783 82.032-64.401 104.947-82.653V400H48z\"><\/path><\/svg><\/span><\/h2>\n\n\n\n<h2 class=\"gb-headline gb-headline-512fb9f8 gb-headline-text\">Blog<\/h2>\n\n\n<div class=\"gb-button-wrapper gb-button-wrapper-3198d2a3\">\n\n<a class=\"gb-button gb-button-da88b325 gb-button-text\" href=\"https:\/\/www.bcdtravel.com\/move-global\/subscribe-to-move\/\" target=\"_blank\" rel=\"noopener noreferrer\">See what&#8217;s trending<\/a>\n\n<\/div>\n<\/div><\/div><\/div>\n\n<div class=\"gb-grid-column gb-grid-column-444640bc\"><div class=\"gb-container gb-container-444640bc\"><div class=\"gb-inside-container\">\n\n<h2 class=\"gb-headline gb-headline-2671abd6\"><span class=\"gb-icon\"><svg aria-hidden=\"true\" role=\"img\" height=\"1em\" width=\"1em\" viewBox=\"0 0 448 512\" xmlns=\"http:\/\/www.w3.org\/2000\/svg\"><path fill=\"currentColor\" d=\"M416 32H31.9C14.3 32 0 46.5 0 64.3v383.4C0 465.5 14.3 480 31.9 480H416c17.6 0 32-14.5 32-32.3V64.3c0-17.8-14.4-32.3-32-32.3zM135.4 416H69V202.2h66.5V416zm-33.2-243c-21.3 0-38.5-17.3-38.5-38.5S80.9 96 102.2 96c21.2 0 38.5 17.3 38.5 38.5 0 21.3-17.2 38.5-38.5 38.5zm282.1 243h-66.4V312c0-24.8-.5-56.7-34.5-56.7-34.6 0-39.9 27-39.9 54.9V416h-66.4V202.2h63.7v29.2h.9c8.9-16.8 30.6-34.5 62.9-34.5 67.2 0 79.7 44.3 79.7 101.9V416z\"><\/path><\/svg><\/span><\/h2>\n\n\n\n<h2 class=\"gb-headline gb-headline-6f45ca90 gb-headline-text\">LinkedIn<\/h2>\n\n\n<div class=\"gb-button-wrapper gb-button-wrapper-ad79fb21\">\n\n<a class=\"gb-button gb-button-751598cb gb-button-text\" href=\"https:\/\/www.linkedin.com\/company\/bcd-travel\/\" target=\"_blank\" rel=\"noopener noreferrer\">Follow us on LinkedIn<\/a>\n\n<\/div>\n<\/div><\/div><\/div>\n\n<div class=\"gb-grid-column gb-grid-column-6499723c\"><div class=\"gb-container gb-container-6499723c\"><div class=\"gb-inside-container\">\n\n<h2 class=\"gb-headline gb-headline-f7ad71f1\"><span class=\"gb-icon\"><svg aria-hidden=\"true\" role=\"img\" height=\"1em\" width=\"1em\" viewBox=\"0 0 448 512\" xmlns=\"http:\/\/www.w3.org\/2000\/svg\"><path fill=\"currentColor\" d=\"M400 32H48C21.5 32 0 53.5 0 80v352c0 26.5 21.5 48 48 48h352c26.5 0 48-21.5 48-48V80c0-26.5-21.5-48-48-48zm-48.9 158.8c.2 2.8.2 5.7.2 8.5 0 86.7-66 186.6-186.6 186.6-37.2 0-71.7-10.8-100.7-29.4 5.3.6 10.4.8 15.8.8 30.7 0 58.9-10.4 81.4-28-28.8-.6-53-19.5-61.3-45.5 10.1 1.5 19.2 1.5 29.6-1.2-30-6.1-52.5-32.5-52.5-64.4v-.8c8.7 4.9 18.9 7.9 29.6 8.3a65.447 65.447 0 0 1-29.2-54.6c0-12.2 3.2-23.4 8.9-33.1 32.3 39.8 80.8 65.8 135.2 68.6-9.3-44.5 24-80.6 64-80.6 18.9 0 35.9 7.9 47.9 20.7 14.8-2.8 29-8.3 41.6-15.8-4.9 15.2-15.2 28-28.8 36.1 13.2-1.4 26-5.1 37.8-10.2-8.9 13.1-20.1 24.7-32.9 34z\"><\/path><\/svg><\/span><\/h2>\n\n\n\n<h2 class=\"gb-headline gb-headline-f9fba324 gb-headline-text\">Twitter<\/h2>\n\n\n<div class=\"gb-button-wrapper gb-button-wrapper-12b117bc\">\n\n<a class=\"gb-button gb-button-2d078b72 gb-button-text\" href=\"https:\/\/twitter.com\/BCDTravel\" target=\"_blank\" rel=\"noopener noreferrer\">Follow us on Twitter<\/a>\n\n<\/div>\n<\/div><\/div><\/div>\n<\/div>\n<\/div><\/div>","protected":false},"excerpt":{"rendered":"<p>V\u00e4lkommen till v\u00e5rt nyhetsrum K\u00e4ra journalister, Vi \u00e4r glada \u00f6ver att du har hittat din v\u00e4g till v\u00e5rt globala nyhetsrum. Om du s\u00f6ker information om aff\u00e4rsresor, offert eller bilder tvekar inte att n\u00e5 oss, ser vi fram emot dina fr\u00e5gor. Senaste pressmeddelanden<\/p>\n","protected":false},"author":2,"featured_media":0,"parent":0,"menu_order":0,"comment_status":"closed","ping_status":"closed","template":"","meta":{"footnotes":""},"class_list":["post-64576","page","type-page","status-publish"],"_links":{"self":[{"href":"https:\/\/news.bcdtravel.com\/sv\/wp-json\/wp\/v2\/pages\/64576","targetHints":{"allow":["GET"]}}],"collection":[{"href":"https:\/\/news.bcdtravel.com\/sv\/wp-json\/wp\/v2\/pages"}],"about":[{"href":"https:\/\/news.bcdtravel.com\/sv\/wp-json\/wp\/v2\/types\/page"}],"author":[{"embeddable":true,"href":"https:\/\/news.bcdtravel.com\/sv\/wp-json\/wp\/v2\/users\/2"}],"replies":[{"embeddable":true,"href":"https:\/\/news.bcdtravel.com\/sv\/wp-json\/wp\/v2\/comments?post=64576"}],"version-history":[{"count":0,"href":"https:\/\/news.bcdtravel.com\/sv\/wp-json\/wp\/v2\/pages\/64576\/revisions"}],"wp:attachment":[{"href":"https:\/\/news.bcdtravel.com\/sv\/wp-json\/wp\/v2\/media?parent=64576"}],"curies":[{"name":"wp","href":"https:\/\/api.w.org\/{rel}","templated":true}]}}]